{"id":7366,"date":"2015-11-18T08:37:53","date_gmt":"2015-11-18T08:37:53","guid":{"rendered":"http:\/\/interior-design.cmsmasters.net\/?page_id=7366"},"modified":"2023-07-23T20:33:46","modified_gmt":"2023-07-23T20:33:46","slug":"home-store","status":"publish","type":"page","link":"https:\/\/hotelseyirbeach.com\/seyirbeach\/","title":{"rendered":"Home"},"content":{"rendered":"<div id=\"cmsmasters_row_31aa9cc3b8\" class=\"cmsmasters_row cmsmasters_color_scheme_default cmsmasters_row_top_default cmsmasters_row_bot_default cmsmasters_row_fullwidth\">\n<div class=\"cmsmasters_row_outer_parent\">\n<div class=\"cmsmasters_row_outer\">\n<div class=\"cmsmasters_row_inner cmsmasters_row_fullwidth\">\n<div class=\"cmsmasters_row_margin\">\n<div id=\"cmsmasters_column_7930e4e65e\" class=\"cmsmasters_column one_first\">\n<div class=\"cmsmasters_column_inner\">\n<div class=\"cmsmasters_slider\"><script type=\"text\/javascript\">jQuery(function() { _initLayerSlider( '#layerslider_1_14sdedc2lkjjd', {sliderVersion: '7.7.0', allowFullscreen: true, pauseOnHover: 'enabled', skin: 'v6', sliderFadeInDuration: 350, globalBGSize: 'cover', hoverPrevNext: false, navStartStop: false, navButtons: false, showCircleTimer: false, useSrcset: true, skinsPath: 'https:\/\/hotelseyirbeach.com\/seyirbeach\/wp-content\/plugins\/LayerSlider\/assets\/static\/layerslider\/skins\/', performanceMode: true}); });<\/script><div id=\"layerslider_1_14sdedc2lkjjd\" class=\"ls-wp-container fitvidsignore\" style=\"width:1920px;height:870px;margin:0 auto;margin-bottom: 0px;\"><div class=\"ls-slide\" data-ls=\"bgsize:contain;duration:100000;kenburnsscale:1.2;\"><img loading=\"lazy\" decoding=\"async\" width=\"1920\" height=\"865\" src=\"https:\/\/hotelseyirbeach.com\/seyirbeach\/wp-content\/uploads\/2023\/06\/beach-giris-1.jpg\" class=\"ls-bg\" alt=\"beach hotel\" srcset=\"https:\/\/hotelseyirbeach.com\/seyirbeach\/wp-content\/uploads\/2023\/06\/beach-giris-1.jpg 1920w, https:\/\/hotelseyirbeach.com\/seyirbeach\/wp-content\/uploads\/2023\/06\/beach-giris-1-300x135.jpg 300w, https:\/\/hotelseyirbeach.com\/seyirbeach\/wp-content\/uploads\/2023\/06\/beach-giris-1-1024x461.jpg 1024w, https:\/\/hotelseyirbeach.com\/seyirbeach\/wp-content\/uploads\/2023\/06\/beach-giris-1-768x346.jpg 768w, https:\/\/hotelseyirbeach.com\/seyirbeach\/wp-content\/uploads\/2023\/06\/beach-giris-1-1536x692.jpg 1536w, https:\/\/hotelseyirbeach.com\/seyirbeach\/wp-content\/uploads\/2023\/06\/beach-giris-1-580x261.jpg 580w, https:\/\/hotelseyirbeach.com\/seyirbeach\/wp-content\/uploads\/2023\/06\/beach-giris-1-860x387.jpg 860w, https:\/\/hotelseyirbeach.com\/seyirbeach\/wp-content\/uploads\/2023\/06\/beach-giris-1-1160x523.jpg 1160w, https:\/\/hotelseyirbeach.com\/seyirbeach\/wp-content\/uploads\/2023\/06\/beach-giris-1-1320x595.jpg 1320w, https:\/\/hotelseyirbeach.com\/seyirbeach\/wp-content\/uploads\/2023\/06\/beach-giris-1-600x270.jpg 600w\" sizes=\"auto, (max-width: 1920px) 100vw, 1920px\" \/><\/div><div class=\"ls-slide\" data-ls=\"bgsize:contain;duration:100000;kenburnsscale:1.2;\"><img loading=\"lazy\" decoding=\"async\" width=\"1920\" height=\"865\" src=\"https:\/\/hotelseyirbeach.com\/seyirbeach\/wp-content\/uploads\/2023\/05\/seyir-hotel-beach.jpg\" class=\"ls-bg\" alt=\"\" srcset=\"https:\/\/hotelseyirbeach.com\/seyirbeach\/wp-content\/uploads\/2023\/05\/seyir-hotel-beach.jpg 1920w, https:\/\/hotelseyirbeach.com\/seyirbeach\/wp-content\/uploads\/2023\/05\/seyir-hotel-beach-300x135.jpg 300w, https:\/\/hotelseyirbeach.com\/seyirbeach\/wp-content\/uploads\/2023\/05\/seyir-hotel-beach-1024x461.jpg 1024w, https:\/\/hotelseyirbeach.com\/seyirbeach\/wp-content\/uploads\/2023\/05\/seyir-hotel-beach-768x346.jpg 768w, https:\/\/hotelseyirbeach.com\/seyirbeach\/wp-content\/uploads\/2023\/05\/seyir-hotel-beach-1536x692.jpg 1536w, https:\/\/hotelseyirbeach.com\/seyirbeach\/wp-content\/uploads\/2023\/05\/seyir-hotel-beach-580x261.jpg 580w, https:\/\/hotelseyirbeach.com\/seyirbeach\/wp-content\/uploads\/2023\/05\/seyir-hotel-beach-860x387.jpg 860w, https:\/\/hotelseyirbeach.com\/seyirbeach\/wp-content\/uploads\/2023\/05\/seyir-hotel-beach-1160x523.jpg 1160w, https:\/\/hotelseyirbeach.com\/seyirbeach\/wp-content\/uploads\/2023\/05\/seyir-hotel-beach-1320x595.jpg 1320w, https:\/\/hotelseyirbeach.com\/seyirbeach\/wp-content\/uploads\/2023\/05\/seyir-hotel-beach-600x270.jpg 600w\" sizes=\"auto, (max-width: 1920px) 100vw, 1920px\" \/><\/div><div class=\"ls-slide\" data-ls=\"duration:100000;kenburnsscale:1.2;\"><img loading=\"lazy\" decoding=\"async\" width=\"1920\" height=\"865\" src=\"https:\/\/hotelseyirbeach.com\/seyirbeach\/wp-content\/uploads\/2023\/05\/hotelseyirbeach-slider3-1.jpg\" class=\"ls-bg\" alt=\"hotelseyirbeach\" srcset=\"https:\/\/hotelseyirbeach.com\/seyirbeach\/wp-content\/uploads\/2023\/05\/hotelseyirbeach-slider3-1.jpg 1920w, https:\/\/hotelseyirbeach.com\/seyirbeach\/wp-content\/uploads\/2023\/05\/hotelseyirbeach-slider3-1-300x135.jpg 300w, https:\/\/hotelseyirbeach.com\/seyirbeach\/wp-content\/uploads\/2023\/05\/hotelseyirbeach-slider3-1-1024x461.jpg 1024w, https:\/\/hotelseyirbeach.com\/seyirbeach\/wp-content\/uploads\/2023\/05\/hotelseyirbeach-slider3-1-768x346.jpg 768w, https:\/\/hotelseyirbeach.com\/seyirbeach\/wp-content\/uploads\/2023\/05\/hotelseyirbeach-slider3-1-1536x692.jpg 1536w, https:\/\/hotelseyirbeach.com\/seyirbeach\/wp-content\/uploads\/2023\/05\/hotelseyirbeach-slider3-1-580x261.jpg 580w, https:\/\/hotelseyirbeach.com\/seyirbeach\/wp-content\/uploads\/2023\/05\/hotelseyirbeach-slider3-1-860x387.jpg 860w, https:\/\/hotelseyirbeach.com\/seyirbeach\/wp-content\/uploads\/2023\/05\/hotelseyirbeach-slider3-1-1160x523.jpg 1160w, https:\/\/hotelseyirbeach.com\/seyirbeach\/wp-content\/uploads\/2023\/05\/hotelseyirbeach-slider3-1-1320x595.jpg 1320w, https:\/\/hotelseyirbeach.com\/seyirbeach\/wp-content\/uploads\/2023\/05\/hotelseyirbeach-slider3-1-600x270.jpg 600w\" sizes=\"auto, (max-width: 1920px) 100vw, 1920px\" \/><\/div><\/div><\/div>\n<\/div><\/div>\n<\/div>\n<\/div>\n<\/div>\n<\/div>\n<\/div>\n<div id=\"cmsmasters_row_4230c492f5\" class=\"cmsmasters_row cmsmasters_color_scheme_default cmsmasters_row_top_default cmsmasters_row_bot_default cmsmasters_row_boxed\">\n<div class=\"cmsmasters_row_outer_parent\">\n<div class=\"cmsmasters_row_outer\">\n<div class=\"cmsmasters_row_inner\">\n<div class=\"cmsmasters_row_margin\">\n<div id=\"cmsmasters_column_e4fa23546d\" class=\"cmsmasters_column one_first\">\n<div class=\"cmsmasters_column_inner\"><div id=\"cmsmasters_fb_618b8d6973\" class=\"cmsmasters_featured_block\">\n<div class=\"featured_block_inner\">\n<div class=\"featured_block_text\">\n<div id=\"cmsmasters_heading_c91fc928e0\" class=\"cmsmasters_heading_wrap cmsmasters_heading_align_center\">\n\t<h3 class=\"cmsmasters_heading\">M\u00fckemmel<\/h3>\n<\/div><div id=\"cmsmasters_heading_da9e214125\" class=\"cmsmasters_heading_wrap cmsmasters_heading_align_center\">\n\t<h2 class=\"cmsmasters_heading\">Tatil F\u0131rsat\u0131 Sizi Bekliyor.<\/h2>\n<\/div>\n\n<\/div>\n<\/div>\n<\/div>\n<div id=\"cmsmasters_fb_92fb437567\" class=\"cmsmasters_featured_block\">\n<div class=\"featured_block_inner\">\n<div class=\"featured_block_text\">\n<p style=\"text-align: center;\"><span style=\"color: #6a6a6a; font-size: 20px; line-height: 28px;\">Seyir Beach Hotel, \u00d6l\u00fcdeniz sahiline bakan \u00e7ehresiyle, konforu ve rahat\u0131 bir arada ya\u015famak isteyen siz m\u00fc\u015fterilerimiz i\u00e7in bulunmaz bir f\u0131rsatt\u0131r. \u0130ster havuz kenar\u0131nda i\u00e7ece\u011finizi yudumlayarak g\u00fcne\u015flenin, isterseniz Hotel\u2019 in hemen \u00f6n taraf\u0131nda uzanan u\u00e7suz bucaks\u0131z kumsal\u0131n \u00fczerine kendinizi atarak, Akdeniz&#8217;in esintilerine kendinizi b\u0131rak\u0131n.<\/span><div id=\"cmsmasters_heading_97c81d3a16\" class=\"cmsmasters_heading_wrap cmsmasters_heading_align_center\">\n\t<h4 class=\"cmsmasters_heading\"><a href=\"#\">Hizmetlerimiz<\/a><\/h4>\n<\/div>\n\n<\/div>\n<\/div>\n<\/div>\n<\/div><\/div>\n<\/div>\n<\/div>\n<\/div>\n<\/div>\n<\/div>\n<div id=\"cmsmasters_row_54c9a92b73\" class=\"cmsmasters_row cmsmasters_color_scheme_default cmsmasters_row_top_default cmsmasters_row_bot_default cmsmasters_row_boxed\">\n<div class=\"cmsmasters_row_outer_parent\">\n<div class=\"cmsmasters_row_outer\">\n<div class=\"cmsmasters_row_inner\">\n<div class=\"cmsmasters_row_margin\">\n<div id=\"cmsmasters_column_f02afc2ab8\" class=\"cmsmasters_column one_third\">\n<div class=\"cmsmasters_column_inner\"><div id=\"cmsmasters_fb_2c4ebef079\" class=\"cmsmasters_featured_block\">\n<div class=\"featured_block_inner\">\n<div class=\"featured_block_text\"><\/div>\n<\/div>\n<\/div>\n<\/div><\/div>\n<div id=\"cmsmasters_column_2545d07583\" class=\"cmsmasters_column one_third\">\n<div class=\"cmsmasters_column_inner\"><div id=\"cmsmasters_fb_30f462d812\" class=\"cmsmasters_featured_block\">\n<div class=\"featured_block_inner\">\n<div class=\"featured_block_text\"><\/div>\n<\/div>\n<\/div>\n<\/div><\/div>\n<div id=\"cmsmasters_column_6f32b8b304\" class=\"cmsmasters_column one_third\">\n<div class=\"cmsmasters_column_inner\"><div id=\"cmsmasters_fb_008a6884c4\" class=\"cmsmasters_featured_block\">\n<div class=\"featured_block_inner\">\n<div class=\"featured_block_text\"><\/div>\n<\/div>\n<\/div>\n<\/div><\/div>\n<\/div>\n<\/div>\n<\/div>\n<\/div>\n<\/div>\n<div id=\"cmsmasters_row_7c21fffe28\" class=\"cmsmasters_row cmsmasters_color_scheme_default cmsmasters_row_top_default cmsmasters_row_bot_default cmsmasters_row_boxed\">\n<div class=\"cmsmasters_row_outer_parent\">\n<div class=\"cmsmasters_row_outer\">\n<div class=\"cmsmasters_row_inner\">\n<div class=\"cmsmasters_row_margin\">\n<div id=\"cmsmasters_column_a318012580\" class=\"cmsmasters_column one_first\">\n<div class=\"cmsmasters_column_inner\"><div id=\"cmsmasters_heading_9bee934291\" class=\"cmsmasters_heading_wrap cmsmasters_heading_align_center\">\n\t<h3 class=\"cmsmasters_heading\">L\u00fcks<\/h3>\n<\/div><div id=\"cmsmasters_heading_4dc8f85b10\" class=\"cmsmasters_heading_wrap cmsmasters_heading_align_center\">\n\t<h2 class=\"cmsmasters_heading\">ODALAR<\/h2>\n<\/div>\n<\/div><\/div>\n<\/div>\n<\/div>\n<\/div>\n<\/div>\n<\/div>\n<div id=\"cmsmasters_row_57t3nr34xj\" class=\"cmsmasters_row cmsmasters_color_scheme_second cmsmasters_row_top_default cmsmasters_row_bot_default cmsmasters_row_boxed\">\n<div class=\"cmsmasters_row_outer_parent\">\n<div class=\"cmsmasters_row_outer\">\n<div class=\"cmsmasters_row_inner\">\n<div class=\"cmsmasters_row_margin\">\n<div id=\"cmsmasters_column_9qf5b9oij\" class=\"cmsmasters_column one_third\">\n<div class=\"cmsmasters_column_inner\"><div id=\"cmsmasters_fb_n0fvwp33j\" class=\"cmsmasters_featured_block\">\n<div class=\"featured_block_inner\">\n<div class=\"featured_block_text\"><\/div>\n<\/div>\n<\/div>\n<\/div><\/div>\n<div id=\"cmsmasters_column_0vsaqo51d\" class=\"cmsmasters_column one_third\">\n<div class=\"cmsmasters_column_inner\"><div id=\"cmsmasters_fb_rphzbwore7\" class=\"cmsmasters_featured_block\">\n<div class=\"featured_block_inner\">\n<div class=\"featured_block_text\"><\/div>\n<\/div>\n<\/div>\n<\/div><\/div>\n<div id=\"cmsmasters_column_ab4fy1v8t\" class=\"cmsmasters_column one_third\">\n<div class=\"cmsmasters_column_inner\"><div id=\"cmsmasters_fb_rvg6qb8mct\" class=\"cmsmasters_featured_block\">\n<div class=\"featured_block_inner\">\n<div class=\"featured_block_text\"><\/div>\n<\/div>\n<\/div>\n<\/div><\/div>\n<\/div>\n<\/div>\n<\/div>\n<\/div>\n<\/div>\n<div id=\"cmsmasters_row_c0a6e04ffc\" class=\"cmsmasters_row cmsmasters_color_scheme_default cmsmasters_row_top_default cmsmasters_row_bot_default cmsmasters_row_boxed\">\n<div class=\"cmsmasters_row_outer_parent\">\n<div class=\"cmsmasters_row_outer\">\n<div class=\"cmsmasters_row_inner\">\n<div class=\"cmsmasters_row_margin\">\n<div id=\"cmsmasters_column_9f95365fd2\" class=\"cmsmasters_column one_first\">\n<div class=\"cmsmasters_column_inner\"><div id=\"cmsmasters_heading_1cf950d867\" class=\"cmsmasters_heading_wrap cmsmasters_heading_align_center\">\n\t<h3 class=\"cmsmasters_heading\">M\u00fckemmel<\/h3>\n<\/div><div id=\"cmsmasters_heading_9f0ace5bc3\" class=\"cmsmasters_heading_wrap cmsmasters_heading_align_center\">\n\t<h2 class=\"cmsmasters_heading\">Hizmetler<\/h2>\n<\/div>\n<\/div><\/div>\n<\/div>\n<\/div>\n<\/div>\n<\/div>\n<\/div>\n<div id=\"cmsmasters_row_41e40f680c\" class=\"cmsmasters_row cmsmasters_color_scheme_default cmsmasters_row_top_default cmsmasters_row_bot_default cmsmasters_row_fullwidth\">\n<div class=\"cmsmasters_row_outer_parent\">\n<div class=\"cmsmasters_row_outer\">\n<div class=\"cmsmasters_row_inner cmsmasters_row_fullwidth\">\n<div class=\"cmsmasters_row_margin\">\n<div id=\"cmsmasters_column_de276ee1f7\" class=\"cmsmasters_column one_fourth\">\n<div class=\"cmsmasters_column_inner\"><div id=\"cmsmasters_fb_ef07ee5e3c\" class=\"cmsmasters_featured_block\">\n<div class=\"featured_block_inner\">\n<div class=\"featured_block_text\">\n<div id=\"cmsmasters_heading_46aaa7bf3a\" class=\"cmsmasters_heading_wrap cmsmasters_heading_align_center\">\n\t<h2 class=\"cmsmasters_heading\"><a href=\"#\">Hotel<\/a><\/h2>\n<\/div>\n\n<\/div>\n<\/div>\n<\/div>\n<\/div><\/div>\n<div id=\"cmsmasters_column_5bd3d48633\" class=\"cmsmasters_column one_fourth\">\n<div class=\"cmsmasters_column_inner\"><div id=\"cmsmasters_fb_e81afc63a2\" class=\"cmsmasters_featured_block\">\n<div class=\"featured_block_inner\">\n<div class=\"featured_block_text\">\n<div id=\"cmsmasters_heading_e40f51e41d\" class=\"cmsmasters_heading_wrap cmsmasters_heading_align_center\">\n\t<h2 class=\"cmsmasters_heading\"><a href=\"#\">Restaurant<\/a><\/h2>\n<\/div>\n\n<\/div>\n<\/div>\n<\/div>\n<\/div><\/div>\n<div id=\"cmsmasters_column_6b1becd0fb\" class=\"cmsmasters_column one_fourth\">\n<div class=\"cmsmasters_column_inner\"><div id=\"cmsmasters_fb_659c48ffe6\" class=\"cmsmasters_featured_block\">\n<div class=\"featured_block_inner\">\n<div class=\"featured_block_text\">\n<div id=\"cmsmasters_heading_db96be61a3\" class=\"cmsmasters_heading_wrap cmsmasters_heading_align_center\">\n\t<h2 class=\"cmsmasters_heading\"><a href=\"#\">Havuz<\/a><\/h2>\n<\/div>\n\n<\/div>\n<\/div>\n<\/div>\n<\/div><\/div>\n<div id=\"cmsmasters_column_458e72cdbb\" class=\"cmsmasters_column one_fourth\">\n<div class=\"cmsmasters_column_inner\"><div id=\"cmsmasters_fb_725e32fff3\" class=\"cmsmasters_featured_block\">\n<div class=\"featured_block_inner\">\n<div class=\"featured_block_text\">\n<div id=\"cmsmasters_heading_8aaf99f711\" class=\"cmsmasters_heading_wrap cmsmasters_heading_align_center\">\n\t<h2 class=\"cmsmasters_heading\"><a href=\"#\">ROOMS<\/a><\/h2>\n<\/div>\n\n<\/div>\n<\/div>\n<\/div>\n<\/div><\/div>\n<\/div>\n<\/div>\n<\/div>\n<\/div>\n<\/div>\n<div id=\"cmsmasters_row_77cfd58d84\" class=\"cmsmasters_row cmsmasters_color_scheme_default cmsmasters_row_top_default cmsmasters_row_bot_default cmsmasters_row_boxed\">\n<div class=\"cmsmasters_row_outer_parent\">\n<div class=\"cmsmasters_row_outer\">\n<div class=\"cmsmasters_row_inner\">\n<div class=\"cmsmasters_row_margin\">\n<div id=\"cmsmasters_column_bf5f45996a\" class=\"cmsmasters_column one_first\">\n<div class=\"cmsmasters_column_inner\"><div id=\"cmsmasters_heading_12b327bd0f\" class=\"cmsmasters_heading_wrap cmsmasters_heading_align_center\">\n\t<h3 class=\"cmsmasters_heading\">Seyir\u2019in<\/h3>\n<\/div><div id=\"cmsmasters_heading_dc4b4e361b\" class=\"cmsmasters_heading_wrap cmsmasters_heading_align_center\">\n\t<h2 class=\"cmsmasters_heading\">Fark\u0131<\/h2>\n<\/div><div class=\"cmsmasters_quotes_slider_wrap\">\n<div id=\"cmsmasters_quotes_slider_245111d69b\" class=\"cmsmasters_quotes cmsmasters_quotes_slider cmsmasters_quotes_slider_type_center cmsmasters_owl_slider owl-carousel\" data-auto-play=\"5000\" data-pagination=\"false\" data-navigation=\"true\"><div class=\"cmsmasters_quote cmsmasters_owl_slider_item\">\n<!-- Start Quote Slider Article -->\n<article class=\"cmsmasters_quote_inner\"><figure class=\"cmsmasters_quote_image\"><img loading=\"lazy\" decoding=\"async\" width=\"300\" height=\"300\" src=\"https:\/\/hotelseyirbeach.com\/seyirbeach\/wp-content\/uploads\/2017\/05\/04-300x300.jpg\" class=\"attachment-cmsmasters-square-thumb size-cmsmasters-square-thumb\" alt=\"\" srcset=\"https:\/\/hotelseyirbeach.com\/seyirbeach\/wp-content\/uploads\/2017\/05\/04-300x300.jpg 300w, https:\/\/hotelseyirbeach.com\/seyirbeach\/wp-content\/uploads\/2017\/05\/04-150x150.jpg 150w, https:\/\/hotelseyirbeach.com\/seyirbeach\/wp-content\/uploads\/2017\/05\/04-64x64.jpg 64w, https:\/\/hotelseyirbeach.com\/seyirbeach\/wp-content\/uploads\/2017\/05\/04-540x540.jpg 540w, https:\/\/hotelseyirbeach.com\/seyirbeach\/wp-content\/uploads\/2017\/05\/04-100x100.jpg 100w\" sizes=\"auto, (max-width: 300px) 100vw, 300px\" \/><\/figure><div class=\"cmsmasters_quote_content\">\n<p>\u0130nsan hayat\u0131 asl\u0131nda bir seyir haliyle ge\u00e7mektedir. Bu halin en g\u00fczel an\u0131 ise kendimizi dinleyebildi\u011fimiz, daha dingin ve keyifli hissetti\u011fimiz molalard\u0131r. Tatili e\u015fsiz k\u0131lan t\u00fcm detaylar\u0131n tek \u00e7at\u0131 alt\u0131nda bulu\u015ftu\u011fu Seyir\u2019de, denizin yakamozla, insan\u0131n kendisiyle bulu\u015ftu\u011fu noktada i\u00e7inizi \u0131s\u0131tacak harika bir deneyim bekliyor sizi\u2026<br \/>\nBeldenin e\u015fsiz do\u011fas\u0131n\u0131n ahengine uygun haz\u0131rlanan ve misafirlerine asla unutamayacaklar\u0131 bir tatil konforunu c\u00f6mert\u00e7e sunan Seyir, y\u0131l boyu hissedilecek bir tutam yaz kokusunu akl\u0131n\u0131za kaz\u0131maya haz\u0131r. Sizi, tatilin en mutlu yerinde; masmavi g\u00f6\u011f\u00fcs alt\u0131nda ve dalgalar\u0131n yaratt\u0131\u011f\u0131 o ho\u015f akusti\u011fin t\u0131n\u0131s\u0131nda bizlerle bulu\u015fman\u0131z i\u00e7in bekliyoruz.<\/p>\n<\/div><header class=\"cmsmasters_quote_header\"><h4 class=\"cmsmasters_quote_title\">Seyir Hotel<\/h4><div class=\"cmsmasters_quote_subtitle_wrap\"><h4 class=\"cmsmasters_quote_subtitle\">-<\/h4><\/div><\/header><\/article>\n<!-- Finish Quote Slider Article -->\n\n<\/div>\n<\/div>\n<\/div>\n<\/div><\/div>\n<\/div>\n<\/div>\n<\/div>\n<\/div>\n<\/div>\n<div id=\"cmsmasters_row_1b8c6e768d\" class=\"cmsmasters_row cmsmasters_color_scheme_default cmsmasters_row_top_default cmsmasters_row_bot_default cmsmasters_row_boxed\">\n<div class=\"cmsmasters_row_outer_parent\">\n<div class=\"cmsmasters_row_outer\">\n<div class=\"cmsmasters_row_inner\">\n<div class=\"cmsmasters_row_margin\">\n<div id=\"cmsmasters_column_150d09df36\" class=\"cmsmasters_column one_first\">\n<div class=\"cmsmasters_column_inner\"><\/div><\/div>\n<\/div>\n<\/div>\n<\/div>\n<\/div>\n<\/div>\n\n","protected":false},"excerpt":{"rendered":"","protected":false},"author":1,"featured_media":0,"parent":0,"menu_order":0,"comment_status":"closed","ping_status":"closed","template":"","meta":{"footnotes":""},"class_list":["post-7366","page","type-page","status-publish","hentry"],"_links":{"self":[{"href":"https:\/\/hotelseyirbeach.com\/seyirbeach\/wp-json\/wp\/v2\/pages\/7366","targetHints":{"allow":["GET"]}}],"collection":[{"href":"https:\/\/hotelseyirbeach.com\/seyirbeach\/wp-json\/wp\/v2\/pages"}],"about":[{"href":"https:\/\/hotelseyirbeach.com\/seyirbeach\/wp-json\/wp\/v2\/types\/page"}],"author":[{"embeddable":true,"href":"https:\/\/hotelseyirbeach.com\/seyirbeach\/wp-json\/wp\/v2\/users\/1"}],"replies":[{"embeddable":true,"href":"https:\/\/hotelseyirbeach.com\/seyirbeach\/wp-json\/wp\/v2\/comments?post=7366"}],"version-history":[{"count":37,"href":"https:\/\/hotelseyirbeach.com\/seyirbeach\/wp-json\/wp\/v2\/pages\/7366\/revisions"}],"predecessor-version":[{"id":17128,"href":"https:\/\/hotelseyirbeach.com\/seyirbeach\/wp-json\/wp\/v2\/pages\/7366\/revisions\/17128"}],"wp:attachment":[{"href":"https:\/\/hotelseyirbeach.com\/seyirbeach\/wp-json\/wp\/v2\/media?parent=7366"}],"curies":[{"name":"wp","href":"https:\/\/api.w.org\/{rel}","templated":true}]}}