{"id":16871,"date":"2023-04-30T10:05:37","date_gmt":"2023-04-30T10:05:37","guid":{"rendered":"https:\/\/hotelseyirtest.emirhanakman.com.tr\/?page_id=16871"},"modified":"2023-06-17T18:09:27","modified_gmt":"2023-06-17T18:09:27","slug":"seyir-beach-hotel","status":"publish","type":"page","link":"https:\/\/hotelseyirbeach.com\/seyirbeach\/seyir-beach-hotel\/","title":{"rendered":"Seyir Beach Hotel"},"content":{"rendered":"<div id=\"cmsmasters_row_1vg3mrixu7\" class=\"cmsmasters_row cmsmasters_color_scheme_default cmsmasters_row_top_default cmsmasters_row_bot_default cmsmasters_row_boxed\">\n<div class=\"cmsmasters_row_outer_parent\">\n<div class=\"cmsmasters_row_outer\">\n<div class=\"cmsmasters_row_inner\">\n<div class=\"cmsmasters_row_margin\">\n<div id=\"cmsmasters_column_f77c8e6d30\" class=\"cmsmasters_column one_first\">\n<div class=\"cmsmasters_column_inner\"><div id=\"cmsmasters_heading_8vf5z9l4ub\" class=\"cmsmasters_heading_wrap cmsmasters_heading_align_center\">\n\t<h3 class=\"cmsmasters_heading\">Seyir Beach Hotel<\/h3>\n<\/div><div id=\"cmsmasters_heading_by39hv236\" class=\"cmsmasters_heading_wrap cmsmasters_heading_align_center\">\n\t<h2 class=\"cmsmasters_heading\">Hakk\u0131m\u0131zda<\/h2>\n<\/div>\n<\/div><\/div>\n<\/div>\n<\/div>\n<\/div>\n<\/div>\n<\/div>\n<div id=\"cmsmasters_row_1ge6l0kiz\" class=\"cmsmasters_row cmsmasters_color_scheme_default cmsmasters_row_top_default cmsmasters_row_bot_default cmsmasters_row_boxed\">\n<div class=\"cmsmasters_row_outer_parent\">\n<div class=\"cmsmasters_row_outer\">\n<div class=\"cmsmasters_row_inner\">\n<div class=\"cmsmasters_row_margin cmsmasters_row_columns_behavior\">\n<div id=\"cmsmasters_column_e2beccf01e\" class=\"cmsmasters_column one_first\">\n<div class=\"cmsmasters_column_inner\"><div class=\"cmsmasters_text\">\n<p>Seyir Beach Hotel, \u00d6l\u00fcdeniz sahiline bakan \u00e7ehresiyle, konforu ve rahat\u0131 bir arada ya\u015famak isteyen siz m\u00fc\u015fterilerimiz i\u00e7in bulunmaz bir f\u0131rsatt\u0131r. \u0130ster havuz kenar\u0131nda i\u00e7ece\u011finizi yudumlayarak g\u00fcne\u015flenin, isterseniz Hotel\u2019 in hemen \u00f6n taraf\u0131nda uzanan u\u00e7suz bucaks\u0131z kumsal\u0131n \u00fczerine kendinizi atarak, akdenizin esintilerine kendinizi b\u0131rak\u0131n.<\/p>\n<p>Seyir Beach Hotel\u2019 in e\u015fsiz yemek ve mezeleriyle zenginle\u015ftirilmi\u015f deniz manzaral\u0131 restoran\u0131nda her damak tad\u0131na hitap edecek yemek bulmak hi\u00e7 de zor de\u011fil.<\/p>\n<p>Modern \u015fekilde dekore edilmi\u015f Hotel odalar\u0131nda klima, suit du\u015f, WC, minibar, telefon, kasa, Flat TV, sa\u00e7 kurutma makinesi bulunmaktad\u0131r.<\/p>\n<p>Seyir Beach Hotel konumu itibariyle \u00d6l\u00fcdeniz merkeze, \u00d6l\u00fcdeniz sahiline y\u00fcr\u00fcme mesafesiyle \u00f6l\u00e7\u00fclebilecek kadar yak\u0131nd\u0131r.<\/p>\n<p><strong>\u00d6zellikler:\u00a0<\/strong><\/p>\n<p>Heryere kolay ula\u015f\u0131m<br \/>\nRestaurant &amp; Bar<br \/>\nY\u00fczme havuzu<br \/>\nOdalarda Flat TV<br \/>\nOdalarda Telefon &amp; Mini bar<br \/>\nDegerli esyalar\u0131n\u0131z i\u00e7in Safe box<br \/>\nKlimal\u0131 odalar<br \/>\n1 dakika sahile uzakl\u0131k<br \/>\nDublex oda se\u00e7ene\u011fi<br \/>\nKablosuz internet eri\u015fimi<\/p>\n<p><strong>ULA\u015eIM<\/strong><\/p>\n<p>* THY\u2019n\u0131n Ankara\u2019dan \u0130stanbul aktarmal\u0131 veya \u0130stanbul\u2019dan direk seferleri ile Dalaman\u2019a ; Dalaman havaalan\u0131-Fethiye 45 Dk.<\/p>\n<p>* Otob\u00fcs ile Fethiye (Kamil Ko\u00e7, Metro, Pamukkale ve Ulusoy\u2019un<br \/>\nFethiye\u2019ye giden otob\u00fcsleri ile) \u2013 Fethiye garaj\u0131ndan (on dakika)<\/p>\n<p>* \u00d6zel ara\u00e7 ile (\u0130stanbul y\u00f6n\u00fcnden) \u0130stanbul \u2013 \u0130zmit \u2013 Bilecik-K\u00fctahya- Afyon-Burdur-Fethiye<\/p>\n<p>* \u00d6zel ara\u00e7 ile (Ankara y\u00f6n\u00fcnden) Ankara \u2013 Sivrihisar \u2013 Afyon-Burdur \u2013 Fethiye<\/p>\n<\/div>\n<\/div><\/div>\n<\/div>\n<\/div>\n<\/div>\n<\/div>\n<\/div>\n<div id=\"cmsmasters_row_sb9ou6zsyw\" class=\"cmsmasters_row cmsmasters_color_scheme_default cmsmasters_row_top_default cmsmasters_row_bot_default cmsmasters_row_boxed\">\n<div class=\"cmsmasters_row_outer_parent\">\n<div class=\"cmsmasters_row_outer\">\n<div class=\"cmsmasters_row_inner\">\n<div class=\"cmsmasters_row_margin cmsmasters_row_columns_behavior\">\n<div id=\"cmsmasters_column_0afdf0228b\" class=\"cmsmasters_column one_fourth\">\n<div class=\"cmsmasters_column_inner\"><div id=\"cmsmasters_fb_2r3oyqreig\" class=\"cmsmasters_featured_block\">\n<div class=\"featured_block_inner\">\n<div class=\"featured_block_text\"><\/div>\n<\/div>\n<\/div>\n<\/div><\/div>\n<div id=\"cmsmasters_column_c6935f413f\" class=\"cmsmasters_column one_fourth\">\n<div class=\"cmsmasters_column_inner\"><div id=\"cmsmasters_fb_t3d6ze895g\" class=\"cmsmasters_featured_block\">\n<div class=\"featured_block_inner\">\n<div class=\"featured_block_text\"><\/div>\n<\/div>\n<\/div>\n<\/div><\/div>\n<div id=\"cmsmasters_column_5005e8a3d8\" class=\"cmsmasters_column one_fourth\">\n<div class=\"cmsmasters_column_inner\"><div id=\"cmsmasters_fb_u14r3j1huc\" class=\"cmsmasters_featured_block\">\n<div class=\"featured_block_inner\">\n<div class=\"featured_block_text\"><\/div>\n<\/div>\n<\/div>\n<\/div><\/div>\n<div id=\"cmsmasters_column_cb977c6769\" class=\"cmsmasters_column one_fourth\">\n<div class=\"cmsmasters_column_inner\"><div id=\"cmsmasters_fb_km8lr9vtsm\" class=\"cmsmasters_featured_block\">\n<div class=\"featured_block_inner\">\n<div class=\"featured_block_text\"><\/div>\n<\/div>\n<\/div>\n<\/div><\/div>\n<\/div>\n<\/div>\n<\/div>\n<\/div>\n<\/div>\n<div id=\"cmsmasters_row_auk6zjcviv\" class=\"cmsmasters_row cmsmasters_color_scheme_default cmsmasters_row_top_default cmsmasters_row_bot_default cmsmasters_row_boxed\">\n<div class=\"cmsmasters_row_outer_parent\">\n<div class=\"cmsmasters_row_outer\">\n<div class=\"cmsmasters_row_inner\">\n<div class=\"cmsmasters_row_margin cmsmasters_row_columns_behavior\">\n<div id=\"cmsmasters_column_fjcdbw74ks\" class=\"cmsmasters_column one_first\">\n<div class=\"cmsmasters_column_inner\"><div id=\"cmsmasters_hover_slider_04qdn7shci\" class=\"cmsmasters_hover_slider\" data-thumb-width=\"100\" data-thumb-height=\"60\" data-active-slide=\"1\" data-pause-time=\"5000\" data-pause-on-hover=\"true\"><ul class=\"cmsmasters_hover_slider_items\">\n<li><figure class=\"cmsmasters_hover_slider_full_img\"><img loading=\"lazy\" decoding=\"async\" width=\"860\" height=\"500\" src=\"https:\/\/hotelseyirbeach.com\/seyirbeach\/wp-content\/uploads\/2023\/05\/seyir-hotel-beach-village-oludeniz-30-860x500.jpg\" class=\"attachment-post-thumbnail size-post-thumbnail\" alt=\"seyir hotel beach village oludeniz fethiye mugla\" \/><\/figure><\/li><li><figure class=\"cmsmasters_hover_slider_full_img\"><img loading=\"lazy\" decoding=\"async\" width=\"860\" height=\"500\" src=\"https:\/\/hotelseyirbeach.com\/seyirbeach\/wp-content\/uploads\/2023\/06\/seyir-beach-sea-860x500.jpg\" class=\"attachment-post-thumbnail size-post-thumbnail\" alt=\"seyir beach oludeniz\" \/><\/figure><\/li><li><figure class=\"cmsmasters_hover_slider_full_img\"><img loading=\"lazy\" decoding=\"async\" width=\"840\" height=\"460\" src=\"https:\/\/hotelseyirbeach.com\/seyirbeach\/wp-content\/uploads\/2023\/05\/seyir-hotel-beach-village-oludeniz-05.jpg\" class=\"attachment-post-thumbnail size-post-thumbnail\" alt=\"seyir hotel beach village oludeniz fethiye mugla\" srcset=\"https:\/\/hotelseyirbeach.com\/seyirbeach\/wp-content\/uploads\/2023\/05\/seyir-hotel-beach-village-oludeniz-05.jpg 840w, https:\/\/hotelseyirbeach.com\/seyirbeach\/wp-content\/uploads\/2023\/05\/seyir-hotel-beach-village-oludeniz-05-300x164.jpg 300w, https:\/\/hotelseyirbeach.com\/seyirbeach\/wp-content\/uploads\/2023\/05\/seyir-hotel-beach-village-oludeniz-05-768x421.jpg 768w, https:\/\/hotelseyirbeach.com\/seyirbeach\/wp-content\/uploads\/2023\/05\/seyir-hotel-beach-village-oludeniz-05-580x318.jpg 580w, https:\/\/hotelseyirbeach.com\/seyirbeach\/wp-content\/uploads\/2023\/05\/seyir-hotel-beach-village-oludeniz-05-600x329.jpg 600w\" sizes=\"auto, (max-width: 840px) 100vw, 840px\" \/><\/figure><\/li><li><figure class=\"cmsmasters_hover_slider_full_img\"><img loading=\"lazy\" decoding=\"async\" width=\"860\" height=\"500\" src=\"https:\/\/hotelseyirbeach.com\/seyirbeach\/wp-content\/uploads\/2023\/06\/seyir-beach-hotel-860x500.jpg\" class=\"attachment-post-thumbnail size-post-thumbnail\" alt=\"\" \/><\/figure><\/li><li><figure class=\"cmsmasters_hover_slider_full_img\"><img loading=\"lazy\" decoding=\"async\" width=\"840\" height=\"460\" src=\"https:\/\/hotelseyirbeach.com\/seyirbeach\/wp-content\/uploads\/2023\/05\/seyir-hotel-beach-village-oludeniz-02.jpg\" class=\"attachment-post-thumbnail size-post-thumbnail\" alt=\"seyir hotel beach village oludeniz fethiye mugla\" srcset=\"https:\/\/hotelseyirbeach.com\/seyirbeach\/wp-content\/uploads\/2023\/05\/seyir-hotel-beach-village-oludeniz-02.jpg 840w, https:\/\/hotelseyirbeach.com\/seyirbeach\/wp-content\/uploads\/2023\/05\/seyir-hotel-beach-village-oludeniz-02-300x164.jpg 300w, https:\/\/hotelseyirbeach.com\/seyirbeach\/wp-content\/uploads\/2023\/05\/seyir-hotel-beach-village-oludeniz-02-768x421.jpg 768w, https:\/\/hotelseyirbeach.com\/seyirbeach\/wp-content\/uploads\/2023\/05\/seyir-hotel-beach-village-oludeniz-02-580x318.jpg 580w, https:\/\/hotelseyirbeach.com\/seyirbeach\/wp-content\/uploads\/2023\/05\/seyir-hotel-beach-village-oludeniz-02-600x329.jpg 600w\" sizes=\"auto, (max-width: 840px) 100vw, 840px\" \/><\/figure><\/li><li><figure class=\"cmsmasters_hover_slider_full_img\"><img loading=\"lazy\" decoding=\"async\" width=\"840\" height=\"461\" src=\"https:\/\/hotelseyirbeach.com\/seyirbeach\/wp-content\/uploads\/2023\/05\/seyir-hotel-beach-village-oludeniz-07.jpg\" class=\"attachment-post-thumbnail size-post-thumbnail\" alt=\"seyir hotel beach village oludeniz fethiye mugla\" srcset=\"https:\/\/hotelseyirbeach.com\/seyirbeach\/wp-content\/uploads\/2023\/05\/seyir-hotel-beach-village-oludeniz-07.jpg 840w, https:\/\/hotelseyirbeach.com\/seyirbeach\/wp-content\/uploads\/2023\/05\/seyir-hotel-beach-village-oludeniz-07-300x165.jpg 300w, https:\/\/hotelseyirbeach.com\/seyirbeach\/wp-content\/uploads\/2023\/05\/seyir-hotel-beach-village-oludeniz-07-768x421.jpg 768w, https:\/\/hotelseyirbeach.com\/seyirbeach\/wp-content\/uploads\/2023\/05\/seyir-hotel-beach-village-oludeniz-07-580x318.jpg 580w, https:\/\/hotelseyirbeach.com\/seyirbeach\/wp-content\/uploads\/2023\/05\/seyir-hotel-beach-village-oludeniz-07-600x329.jpg 600w\" sizes=\"auto, (max-width: 840px) 100vw, 840px\" \/><\/figure><\/li><li><figure class=\"cmsmasters_hover_slider_full_img\"><img loading=\"lazy\" decoding=\"async\" width=\"860\" height=\"500\" src=\"https:\/\/hotelseyirbeach.com\/seyirbeach\/wp-content\/uploads\/2023\/06\/8-860x500.jpg\" class=\"attachment-post-thumbnail size-post-thumbnail\" alt=\"\" \/><\/figure><\/li><li><figure class=\"cmsmasters_hover_slider_full_img\"><img loading=\"lazy\" decoding=\"async\" width=\"860\" height=\"500\" src=\"https:\/\/hotelseyirbeach.com\/seyirbeach\/wp-content\/uploads\/2023\/06\/7-860x500.jpg\" class=\"attachment-post-thumbnail size-post-thumbnail\" alt=\"\" \/><\/figure><\/li><li><figure class=\"cmsmasters_hover_slider_full_img\"><img loading=\"lazy\" decoding=\"async\" width=\"860\" height=\"500\" src=\"https:\/\/hotelseyirbeach.com\/seyirbeach\/wp-content\/uploads\/2023\/06\/6-860x500.jpg\" class=\"attachment-post-thumbnail size-post-thumbnail\" alt=\"\" \/><\/figure><\/li><li><figure class=\"cmsmasters_hover_slider_full_img\"><img loading=\"lazy\" decoding=\"async\" width=\"860\" height=\"500\" src=\"https:\/\/hotelseyirbeach.com\/seyirbeach\/wp-content\/uploads\/2023\/06\/4-860x500.jpg\" class=\"attachment-post-thumbnail size-post-thumbnail\" alt=\"\" \/><\/figure><\/li><li><figure class=\"cmsmasters_hover_slider_full_img\"><img loading=\"lazy\" decoding=\"async\" width=\"860\" height=\"500\" src=\"https:\/\/hotelseyirbeach.com\/seyirbeach\/wp-content\/uploads\/2023\/06\/5-860x500.jpg\" class=\"attachment-post-thumbnail size-post-thumbnail\" alt=\"\" \/><\/figure><\/li><li><figure class=\"cmsmasters_hover_slider_full_img\"><img loading=\"lazy\" decoding=\"async\" width=\"860\" height=\"500\" src=\"https:\/\/hotelseyirbeach.com\/seyirbeach\/wp-content\/uploads\/2023\/06\/2-860x500.jpg\" class=\"attachment-post-thumbnail size-post-thumbnail\" alt=\"\" \/><\/figure><\/li><li><figure class=\"cmsmasters_hover_slider_full_img\"><img loading=\"lazy\" decoding=\"async\" width=\"860\" height=\"500\" src=\"https:\/\/hotelseyirbeach.com\/seyirbeach\/wp-content\/uploads\/2023\/06\/3-860x500.jpg\" class=\"attachment-post-thumbnail size-post-thumbnail\" alt=\"\" \/><\/figure><\/li><li><figure class=\"cmsmasters_hover_slider_full_img\"><img loading=\"lazy\" decoding=\"async\" width=\"860\" height=\"500\" src=\"https:\/\/hotelseyirbeach.com\/seyirbeach\/wp-content\/uploads\/2023\/06\/1-860x500.jpg\" class=\"attachment-post-thumbnail size-post-thumbnail\" alt=\"\" \/><\/figure><\/li><\/ul>\n<\/div>\n<\/div><\/div>\n<\/div>\n<\/div>\n<\/div>\n<\/div>\n<\/div>\n<div id=\"cmsmasters_row_dh5ca90hsr\" class=\"cmsmasters_row cmsmasters_color_scheme_default cmsmasters_row_top_default cmsmasters_row_bot_default cmsmasters_row_boxed\" data-stellar-background-ratio=\"0.5\">\n<div class=\"cmsmasters_row_outer_parent\">\n<div class=\"cmsmasters_row_outer\">\n<div class=\"cmsmasters_row_inner\">\n<div class=\"cmsmasters_row_margin\">\n<div id=\"cmsmasters_column_ee29ba77bb\" class=\"cmsmasters_column one_first\">\n<div class=\"cmsmasters_column_inner\"><\/div><\/div>\n<\/div>\n<\/div>\n<\/div>\n<\/div>\n<\/div>\n\n","protected":false},"excerpt":{"rendered":"","protected":false},"author":1,"featured_media":0,"parent":0,"menu_order":0,"comment_status":"closed","ping_status":"closed","template":"","meta":{"footnotes":""},"class_list":["post-16871","page","type-page","status-publish","hentry"],"_links":{"self":[{"href":"https:\/\/hotelseyirbeach.com\/seyirbeach\/wp-json\/wp\/v2\/pages\/16871","targetHints":{"allow":["GET"]}}],"collection":[{"href":"https:\/\/hotelseyirbeach.com\/seyirbeach\/wp-json\/wp\/v2\/pages"}],"about":[{"href":"https:\/\/hotelseyirbeach.com\/seyirbeach\/wp-json\/wp\/v2\/types\/page"}],"author":[{"embeddable":true,"href":"https:\/\/hotelseyirbeach.com\/seyirbeach\/wp-json\/wp\/v2\/users\/1"}],"replies":[{"embeddable":true,"href":"https:\/\/hotelseyirbeach.com\/seyirbeach\/wp-json\/wp\/v2\/comments?post=16871"}],"version-history":[{"count":19,"href":"https:\/\/hotelseyirbeach.com\/seyirbeach\/wp-json\/wp\/v2\/pages\/16871\/revisions"}],"predecessor-version":[{"id":17125,"href":"https:\/\/hotelseyirbeach.com\/seyirbeach\/wp-json\/wp\/v2\/pages\/16871\/revisions\/17125"}],"wp:attachment":[{"href":"https:\/\/hotelseyirbeach.com\/seyirbeach\/wp-json\/wp\/v2\/media?parent=16871"}],"curies":[{"name":"wp","href":"https:\/\/api.w.org\/{rel}","templated":true}]}}