{"id":11850,"date":"2016-06-24T12:08:02","date_gmt":"2016-06-24T12:08:02","guid":{"rendered":"http:\/\/template.cmsmasters.net\/?page_id=11850"},"modified":"2023-07-23T20:50:56","modified_gmt":"2023-07-23T20:50:56","slug":"iletisim","status":"publish","type":"page","link":"https:\/\/hotelseyirbeach.com\/seyirbeach\/iletisim\/","title":{"rendered":"\u0130leti\u015fim"},"content":{"rendered":"<div id=\"cmsmasters_row_f66a1b7222\" class=\"cmsmasters_row cmsmasters_color_scheme_default cmsmasters_row_top_default cmsmasters_row_bot_default cmsmasters_row_boxed\">\n<div class=\"cmsmasters_row_outer_parent\">\n<div class=\"cmsmasters_row_outer\">\n<div class=\"cmsmasters_row_inner\">\n<div class=\"cmsmasters_row_margin\">\n<div id=\"cmsmasters_column_12728dcaf2\" class=\"cmsmasters_column one_first\">\n<div class=\"cmsmasters_column_inner\"><div id=\"cmsmasters_heading_847cc7de54\" class=\"cmsmasters_heading_wrap cmsmasters_heading_align_center\">\n\t<h3 class=\"cmsmasters_heading\">Seyir<\/h3>\n<\/div><div id=\"cmsmasters_heading_a60f491637\" class=\"cmsmasters_heading_wrap cmsmasters_heading_align_center\">\n\t<h2 class=\"cmsmasters_heading\">BEACH &amp; VILLAGE HOTEL<\/h2>\n<\/div>\n<\/div><\/div>\n<\/div>\n<\/div>\n<\/div>\n<\/div>\n<\/div>\n<div id=\"cmsmasters_row_0e8800f9fe\" class=\"cmsmasters_row cmsmasters_color_scheme_default cmsmasters_row_top_default cmsmasters_row_bot_default cmsmasters_row_boxed\">\n<div class=\"cmsmasters_row_outer_parent\">\n<div class=\"cmsmasters_row_outer\">\n<div class=\"cmsmasters_row_inner\">\n<div class=\"cmsmasters_row_margin\">\n<div id=\"cmsmasters_column_5d4c982423\" class=\"cmsmasters_column one_first\">\n<div class=\"cmsmasters_column_inner\"><div class=\"custom_html\">\n<iframe src=\"https:\/\/www.google.com\/maps\/embed?pb=!1m14!1m8!1m3!1d44055.51285066268!2d29.14275870944447!3d36.57144493485492!3m2!1i1024!2i768!4f13.1!3m3!1m2!1s0x14c0472ef24213cb%3A0xb233384df62fa4a8!2sSeyir%20Village%20Hotel!5e0!3m2!1str!2str!4v1683576564762!5m2!1str!2str\" width=\"900\" height=\"400\" style=\"border:0;\" allowfullscreen=\"\" loading=\"lazy\" referrerpolicy=\"no-referrer-when-downgrade\"><\/iframe>\n<\/div>\n<div id=\"cmsmasters_divider_50835731a9\" class=\"cl\"><\/div>\n<div id=\"cmsmasters_heading_5ffe7c0aac\" class=\"cmsmasters_heading_wrap cmsmasters_heading_align_left\">\n\t<h3 class=\"cmsmasters_heading\">\u0130leti\u015fim ve Adres Bilgilerimiz<\/h3>\n<\/div><ul id=\"cmsmasters_icon_list_items_d04a9670dc\" class=\"cmsmasters_icon_list_items cmsmasters_icon_list_type_list\"><li id=\"cmsmasters_icon_list_item_0xkancf4js\" class=\"cmsmasters_icon_list_item cmsmasters-icon-location-3\">Beach Hotel: Belcegiz Mah. 229.Sk. No:3, 48300 Fethiye\/Mu\u011fla <\/li><li id=\"cmsmasters_icon_list_item_mqkqo924j8\" class=\"cmsmasters_icon_list_item cmsmasters-icon-location-3\">Village Hotel: \u00d6l\u00fcdeniz Mah. Ovac\u0131k Cad. 121.Sokak No:2 Fethiye\/Mu\u011fla <\/li><li id=\"cmsmasters_icon_list_item_ch8s1x66sy\" class=\"cmsmasters_icon_list_item cmsmasters-icon-mail-3\"><a href=\"mailto:info@hotelseyirbeach.com\">info@hotelseyirbeach.com<\/a><\/li><li id=\"cmsmasters_icon_list_item_d6ioc2c6hi\" class=\"cmsmasters_icon_list_item cmsmasters-icon-phone-4\"><a href=\"tel:+902526170058%20\">0 (252) 617 00 58 <\/a><\/li><\/ul>\n<\/div><\/div>\n<\/div>\n<\/div>\n<\/div>\n<\/div>\n<\/div>\n\n","protected":false},"excerpt":{"rendered":"","protected":false},"author":1,"featured_media":0,"parent":0,"menu_order":0,"comment_status":"closed","ping_status":"closed","template":"","meta":{"footnotes":""},"class_list":["post-11850","page","type-page","status-publish","hentry"],"_links":{"self":[{"href":"https:\/\/hotelseyirbeach.com\/seyirbeach\/wp-json\/wp\/v2\/pages\/11850","targetHints":{"allow":["GET"]}}],"collection":[{"href":"https:\/\/hotelseyirbeach.com\/seyirbeach\/wp-json\/wp\/v2\/pages"}],"about":[{"href":"https:\/\/hotelseyirbeach.com\/seyirbeach\/wp-json\/wp\/v2\/types\/page"}],"author":[{"embeddable":true,"href":"https:\/\/hotelseyirbeach.com\/seyirbeach\/wp-json\/wp\/v2\/users\/1"}],"replies":[{"embeddable":true,"href":"https:\/\/hotelseyirbeach.com\/seyirbeach\/wp-json\/wp\/v2\/comments?post=11850"}],"version-history":[{"count":17,"href":"https:\/\/hotelseyirbeach.com\/seyirbeach\/wp-json\/wp\/v2\/pages\/11850\/revisions"}],"predecessor-version":[{"id":17130,"href":"https:\/\/hotelseyirbeach.com\/seyirbeach\/wp-json\/wp\/v2\/pages\/11850\/revisions\/17130"}],"wp:attachment":[{"href":"https:\/\/hotelseyirbeach.com\/seyirbeach\/wp-json\/wp\/v2\/media?parent=11850"}],"curies":[{"name":"wp","href":"https:\/\/api.w.org\/{rel}","templated":true}]}}